{"id":7,"date":"2024-02-07T14:18:09","date_gmt":"2024-02-07T14:18:09","guid":{"rendered":"https:\/\/peakflooring.se\/?page_id=7"},"modified":"2025-10-07T09:10:30","modified_gmt":"2025-10-07T09:10:30","slug":"7-2","status":"publish","type":"page","link":"https:\/\/peakflooring.se\/","title":{"rendered":"PEAK Flooring"},"content":{"rendered":"\t\t<div data-elementor-type=\"wp-page\" data-elementor-id=\"7\" class=\"elementor elementor-7\" data-elementor-post-type=\"page\">\n\t\t\t\t<div data-particle_enable=\"false\" data-particle-mobile-disabled=\"false\" class=\"elementor-element elementor-element-03e1ec9 e-flex e-con-boxed e-con e-parent\" data-id=\"03e1ec9\" data-element_type=\"container\" data-settings=\"{&quot;background_background&quot;:&quot;slideshow&quot;,&quot;background_slideshow_gallery&quot;:[{&quot;id&quot;:47,&quot;url&quot;:&quot;https:\\\/\\\/peakflooring.se\\\/wp-content\\\/uploads\\\/2025\\\/10\\\/1213BC00-0C50-461F-9700-0FAF2899466E.jpg&quot;},{&quot;id&quot;:48,&quot;url&quot;:&quot;https:\\\/\\\/peakflooring.se\\\/wp-content\\\/uploads\\\/2025\\\/10\\\/5138AFC7-D039-40B0-873C-EE6A96E31F27.jpg&quot;},{&quot;id&quot;:49,&quot;url&quot;:&quot;https:\\\/\\\/peakflooring.se\\\/wp-content\\\/uploads\\\/2025\\\/10\\\/75D2F7A3-DA93-46C3-8BE6-9B3AF21AD1D5.jpg&quot;},{&quot;id&quot;:50,&quot;url&quot;:&quot;https:\\\/\\\/peakflooring.se\\\/wp-content\\\/uploads\\\/2025\\\/10\\\/B18CC938-B39C-4512-93D4-8BEF5B65951C.jpg&quot;},{&quot;id&quot;:51,&quot;url&quot;:&quot;https:\\\/\\\/peakflooring.se\\\/wp-content\\\/uploads\\\/2025\\\/10\\\/4DE618DA-AF2F-410D-901E-4533C21727D7.jpg&quot;},{&quot;id&quot;:52,&quot;url&quot;:&quot;https:\\\/\\\/peakflooring.se\\\/wp-content\\\/uploads\\\/2025\\\/10\\\/B1E3180D-1F7F-4DD9-BE13-696B4E73A6D2.jpg&quot;},{&quot;id&quot;:53,&quot;url&quot;:&quot;https:\\\/\\\/peakflooring.se\\\/wp-content\\\/uploads\\\/2025\\\/10\\\/0CE8C10A-D463-46AE-B337-D6CA3F6E4EF8.jpg&quot;}],&quot;background_slideshow_loop&quot;:&quot;yes&quot;,&quot;background_slideshow_slide_duration&quot;:5000,&quot;background_slideshow_slide_transition&quot;:&quot;fade&quot;,&quot;background_slideshow_transition_duration&quot;:500}\">\n\t\t\t\t\t<div class=\"e-con-inner\">\n\t\t\t\t<div class=\"elementor-element elementor-element-e8f43ab elementor-widget elementor-widget-image\" data-id=\"e8f43ab\" data-element_type=\"widget\" data-widget_type=\"image.default\">\n\t\t\t\t<div class=\"elementor-widget-container\">\n\t\t\t\t\t\t\t\t\t\t\t\t\t\t\t<img fetchpriority=\"high\" decoding=\"async\" width=\"800\" height=\"245\" src=\"https:\/\/peakflooring.se\/wp-content\/uploads\/2025\/10\/logo-enbart-vit-1024x313.png\" class=\"attachment-large size-large wp-image-45\" alt=\"\" srcset=\"https:\/\/peakflooring.se\/wp-content\/uploads\/2025\/10\/logo-enbart-vit-1024x313.png 1024w, https:\/\/peakflooring.se\/wp-content\/uploads\/2025\/10\/logo-enbart-vit-300x92.png 300w, https:\/\/peakflooring.se\/wp-content\/uploads\/2025\/10\/logo-enbart-vit-768x235.png 768w, https:\/\/peakflooring.se\/wp-content\/uploads\/2025\/10\/logo-enbart-vit-1536x469.png 1536w, https:\/\/peakflooring.se\/wp-content\/uploads\/2025\/10\/logo-enbart-vit-2048x626.png 2048w\" sizes=\"(max-width: 800px) 100vw, 800px\" \/>\t\t\t\t\t\t\t\t\t\t\t\t\t\t\t<\/div>\n\t\t\t\t<\/div>\n\t\t\t\t\t<\/div>\n\t\t\t\t<\/div>\n\t\t<div data-particle_enable=\"false\" data-particle-mobile-disabled=\"false\" class=\"elementor-element elementor-element-e021fa3 e-flex e-con-boxed e-con e-parent\" data-id=\"e021fa3\" data-element_type=\"container\">\n\t\t\t\t\t<div class=\"e-con-inner\">\n\t\t\t\t<div class=\"elementor-element elementor-element-66427f7 elementor-widget elementor-widget-heading\" data-id=\"66427f7\" data-element_type=\"widget\" data-widget_type=\"heading.default\">\n\t\t\t\t<div class=\"elementor-widget-container\">\n\t\t\t\t\t<h2 class=\"elementor-heading-title elementor-size-default\">Bygger med sj\u00e4len <br>\u2013 levererar med precision<\/h2>\t\t\t\t<\/div>\n\t\t\t\t<\/div>\n\t\t\t\t<div class=\"elementor-element elementor-element-f22f8b3 elementor-widget elementor-widget-text-editor\" data-id=\"f22f8b3\" data-element_type=\"widget\" data-widget_type=\"text-editor.default\">\n\t\t\t\t<div class=\"elementor-widget-container\">\n\t\t\t\t\t\t\t\t\t<p data-start=\"549\" data-end=\"744\">Peak Flooring startades f\u00f6r att skapa n\u00e5got mer \u00e4n ett golv- och byggf\u00f6retag.<br data-start=\"628\" data-end=\"631\" \/>En helhet d\u00e4r <strong>hantverk, teknik och k\u00e4nsla m\u00f6ts<\/strong> \u2013 och d\u00e4r b\u00e5de kunden och teamet k\u00e4nner sig trygga i varje steg.<\/p><p data-start=\"746\" data-end=\"982\">Efter m\u00e5nga \u00e5r i branschen s\u00e5g vi hur mycket handlade om att bara bli klar.<br data-start=\"821\" data-end=\"824\" \/>Men f\u00f6r oss handlar hantverk inte om att stressa fram resultat, utan om att bygga <strong>stabilitet, kvalitet och f\u00f6rtroende<\/strong> \u2013 i b\u00e5de projekten och relationerna.<\/p><p data-start=\"984\" data-end=\"1106\">Idag arbetar vi med golv och byggprojekt i Stockholm och l\u00e4ngs V\u00e4stkusten, med fokus p\u00e5 kvalitet, precision och omtanke.<\/p><p data-start=\"1108\" data-end=\"1274\">Vi f\u00f6renar traditionellt hantverk med modern teknik \u2013 <strong>laserskanning, 3D-modellering och digital planering<\/strong> \u2013 f\u00f6r att skapa tydlighet och trygghet redan fr\u00e5n start.<\/p><p data-start=\"1276\" data-end=\"1423\">N\u00e4r kunden vet vad som h\u00e4nder och varf\u00f6r skapas lugn \u2013 och i det lugnet v\u00e4xer kvaliteten, samarbetet och k\u00e4nslan av n\u00e5got som verkligen h\u00e5ller.<\/p>\t\t\t\t\t\t\t\t<\/div>\n\t\t\t\t<\/div>\n\t\t\t\t\t<\/div>\n\t\t\t\t<\/div>\n\t\t<div data-particle_enable=\"false\" data-particle-mobile-disabled=\"false\" class=\"elementor-element elementor-element-69c9bf52 e-flex e-con-boxed e-con e-parent\" data-id=\"69c9bf52\" data-element_type=\"container\">\n\t\t\t\t\t<div class=\"e-con-inner\">\n\t\t\t\t<div class=\"elementor-element elementor-element-a4b85f9 elementor-widget elementor-widget-text-editor\" data-id=\"a4b85f9\" data-element_type=\"widget\" data-widget_type=\"text-editor.default\">\n\t\t\t\t<div class=\"elementor-widget-container\">\n\t\t\t\t\t\t\t\t\t<p><strong>Kontakta oss!\u00a0<\/strong><\/p><p><a href=\"mailto:mikael@peakflooring.se\">mikael@peakflooring.se<\/a><\/p><p><a href=\"tel:0731484161\">0731-48 41 61<\/a><\/p>\t\t\t\t\t\t\t\t<\/div>\n\t\t\t\t<\/div>\n\t\t\t\t<div class=\"elementor-element elementor-element-c744db8 elementor-widget__width-initial elementor-widget-mobile__width-initial elementor-widget elementor-widget-image\" data-id=\"c744db8\" data-element_type=\"widget\" data-widget_type=\"image.default\">\n\t\t\t\t<div class=\"elementor-widget-container\">\n\t\t\t\t\t\t\t\t\t\t\t\t\t\t\t<img decoding=\"async\" width=\"1536\" height=\"787\" src=\"https:\/\/peakflooring.se\/wp-content\/uploads\/2024\/02\/peakflooring-1536x787.png\" class=\"attachment-1536x1536 size-1536x1536 wp-image-6\" alt=\"\" srcset=\"https:\/\/peakflooring.se\/wp-content\/uploads\/2024\/02\/peakflooring-1536x787.png 1536w, https:\/\/peakflooring.se\/wp-content\/uploads\/2024\/02\/peakflooring-300x154.png 300w, https:\/\/peakflooring.se\/wp-content\/uploads\/2024\/02\/peakflooring-1024x525.png 1024w, https:\/\/peakflooring.se\/wp-content\/uploads\/2024\/02\/peakflooring-768x394.png 768w, https:\/\/peakflooring.se\/wp-content\/uploads\/2024\/02\/peakflooring-2048x1049.png 2048w\" sizes=\"(max-width: 1536px) 100vw, 1536px\" \/>\t\t\t\t\t\t\t\t\t\t\t\t\t\t\t<\/div>\n\t\t\t\t<\/div>\n\t\t\t\t\t<\/div>\n\t\t\t\t<\/div>\n\t\t<div data-particle_enable=\"false\" data-particle-mobile-disabled=\"false\" class=\"elementor-element elementor-element-b46cdd7 e-flex e-con-boxed e-con e-parent\" data-id=\"b46cdd7\" data-element_type=\"container\">\n\t\t\t\t\t<div class=\"e-con-inner\">\n\t\t\t\t\t<\/div>\n\t\t\t\t<\/div>\n\t\t\t\t<\/div>\n\t\t","protected":false},"excerpt":{"rendered":"<p>Bygger med sj\u00e4len \u2013 levererar med precision Peak Flooring startades f\u00f6r att skapa n\u00e5got mer \u00e4n ett golv- och byggf\u00f6retag.En helhet d\u00e4r hantverk, teknik och k\u00e4nsla m\u00f6ts \u2013 och d\u00e4r b\u00e5de kunden och teamet k\u00e4nner sig trygga i varje steg. Efter m\u00e5nga \u00e5r i branschen s\u00e5g vi hur mycket handlade om att bara bli klar.Men [&hellip;]<\/p>\n","protected":false},"author":1,"featured_media":0,"parent":0,"menu_order":0,"comment_status":"closed","ping_status":"closed","template":"elementor_canvas","meta":{"footnotes":""},"class_list":["post-7","page","type-page","status-publish","hentry"],"_links":{"self":[{"href":"https:\/\/peakflooring.se\/index.php?rest_route=\/wp\/v2\/pages\/7","targetHints":{"allow":["GET"]}}],"collection":[{"href":"https:\/\/peakflooring.se\/index.php?rest_route=\/wp\/v2\/pages"}],"about":[{"href":"https:\/\/peakflooring.se\/index.php?rest_route=\/wp\/v2\/types\/page"}],"author":[{"embeddable":true,"href":"https:\/\/peakflooring.se\/index.php?rest_route=\/wp\/v2\/users\/1"}],"replies":[{"embeddable":true,"href":"https:\/\/peakflooring.se\/index.php?rest_route=%2Fwp%2Fv2%2Fcomments&post=7"}],"version-history":[{"count":50,"href":"https:\/\/peakflooring.se\/index.php?rest_route=\/wp\/v2\/pages\/7\/revisions"}],"predecessor-version":[{"id":86,"href":"https:\/\/peakflooring.se\/index.php?rest_route=\/wp\/v2\/pages\/7\/revisions\/86"}],"wp:attachment":[{"href":"https:\/\/peakflooring.se\/index.php?rest_route=%2Fwp%2Fv2%2Fmedia&parent=7"}],"curies":[{"name":"wp","href":"https:\/\/api.w.org\/{rel}","templated":true}]}}